{"id":4980,"date":"2018-10-16T03:55:35","date_gmt":"2018-10-16T03:55:35","guid":{"rendered":"https:\/\/woostify.com\/demos\/fashion1\/?page_id=13"},"modified":"2025-12-10T18:14:36","modified_gmt":"2025-12-10T18:14:36","slug":"accueil","status":"publish","type":"page","link":"http:\/\/preventick.ca\/fr\/","title":{"rendered":"Accueil"},"content":{"rendered":"<h3>Preventick<\/h3>\n<p>Limitez votre risque d\u2019exposition aux maladies transmises par les tiques par des actions int\u00e9gr\u00e9es<\/p>\n<h2><a href=\"https:\/\/preventick.ca\/product-category\/intervention\/modifier-comportements\/\">Modifier les comportements<br \/>\n<\/a><\/h2>\n<p>\t\t\t\t\t\t\t\t\t\t\t\t\t\t\t\t<a href=\"https:\/\/preventick.ca\/interventions\/?product_cat=modifier-comportements&#038;product_tag=humain\"><br \/>\n\t\t\t\t\t\t\t<img loading=\"lazy\" decoding=\"async\" width=\"146\" height=\"144\" src=\"https:\/\/preventick.ca\/wp-content\/uploads\/2025\/05\/CategorieCibleHumain.png\" alt=\"\" srcset=\"https:\/\/preventick.ca\/wp-content\/uploads\/2025\/05\/CategorieCibleHumain.png 146w, https:\/\/preventick.ca\/wp-content\/uploads\/2025\/05\/CategorieCibleHumain-100x100.png 100w\" sizes=\"auto, (max-width: 146px) 100vw, 146px\" \/>\t\t\t\t\t\t\t\t<\/a><\/p>\n<h2>6 options<br \/>\n<\/h2>\n<h2><a href=\"https:\/\/preventick.ca\/product-category\/intervention\/modifier-environnement-peridomestique\/\">Modifier l\u2019environnement p\u00e9ridomestique<br \/>\n<\/a><\/h2>\n<p>\t\t\t\t\t\t\t\t\t\t\t\t\t\t\t\t<a href=\"https:\/\/preventick.ca\/interventions\/?product_cat=modifier-environnement-peridomestique&#038;product_tag=terrain\"><br \/>\n\t\t\t\t\t\t\t<img loading=\"lazy\" decoding=\"async\" width=\"144\" height=\"144\" src=\"https:\/\/preventick.ca\/wp-content\/uploads\/2025\/05\/CategorieCibleTerrain.png\" alt=\"\" srcset=\"https:\/\/preventick.ca\/wp-content\/uploads\/2025\/05\/CategorieCibleTerrain.png 144w, https:\/\/preventick.ca\/wp-content\/uploads\/2025\/05\/CategorieCibleTerrain-100x100.png 100w\" sizes=\"auto, (max-width: 144px) 100vw, 144px\" \/>\t\t\t\t\t\t\t\t<\/a><\/p>\n<h2>7 options<br \/>\n<\/h2>\n<h2><a href=\"https:\/\/preventick.ca\/product-category\/intervention\/limiter-survie-tiques\/\">Limiter la survie des tiques<br \/>\n<\/a><\/h2>\n<p>\t\t\t\t\t\t\t\t\t\t\t\t\t\t\t\t<a href=\"https:\/\/preventick.ca\/interventions\/?product_cat=limiter-survie-tiques&#038;product_tag=tique\"><br \/>\n\t\t\t\t\t\t\t<img loading=\"lazy\" decoding=\"async\" width=\"1024\" height=\"1024\" src=\"https:\/\/preventick.ca\/wp-content\/uploads\/2025\/05\/CategorieCibleTiques.png\" alt=\"\" srcset=\"https:\/\/preventick.ca\/wp-content\/uploads\/2025\/05\/CategorieCibleTiques.png 1024w, https:\/\/preventick.ca\/wp-content\/uploads\/2025\/05\/CategorieCibleTiques-300x300.png 300w, https:\/\/preventick.ca\/wp-content\/uploads\/2025\/05\/CategorieCibleTiques-150x150.png 150w, https:\/\/preventick.ca\/wp-content\/uploads\/2025\/05\/CategorieCibleTiques-768x768.png 768w, https:\/\/preventick.ca\/wp-content\/uploads\/2025\/05\/CategorieCibleTiques-600x600.png 600w, https:\/\/preventick.ca\/wp-content\/uploads\/2025\/05\/CategorieCibleTiques-100x100.png 100w\" sizes=\"auto, (max-width: 1024px) 100vw, 1024px\" \/>\t\t\t\t\t\t\t\t<\/a><\/p>\n<h2>3 options<br \/>\n<\/h2>\n<h2><a href=\"https:\/\/preventick.ca\/product-category\/intervention\/limiter-presence-faune\/\">Limiter la pr\u00e9sence d\u2019animaux de la faune<br \/>\n<\/a><\/h2>\n<p>\t\t\t\t\t\t\t\t\t\t\t\t\t\t\t\t<a href=\"https:\/\/preventick.ca\/interventions\/?product_cat=limiter-presence-faune&#038;product_tag=cerf\"><br \/>\n\t\t\t\t\t\t\t<img loading=\"lazy\" decoding=\"async\" width=\"144\" height=\"144\" src=\"https:\/\/preventick.ca\/wp-content\/uploads\/2025\/05\/CategorieCibleCerf.png\" alt=\"\" srcset=\"https:\/\/preventick.ca\/wp-content\/uploads\/2025\/05\/CategorieCibleCerf.png 144w, https:\/\/preventick.ca\/wp-content\/uploads\/2025\/05\/CategorieCibleCerf-100x100.png 100w\" sizes=\"auto, (max-width: 144px) 100vw, 144px\" \/>\t\t\t\t\t\t\t\t<\/a><br \/>\n\t\t\t\t\t\t\t\t\t\t\t\t\t\t\t\t<a href=\"https:\/\/preventick.ca\/interventions\/?product_cat=limiter-presence-faune&#038;product_tag=rongeur\"><br \/>\n\t\t\t\t\t\t\t<img loading=\"lazy\" decoding=\"async\" width=\"144\" height=\"145\" src=\"https:\/\/preventick.ca\/wp-content\/uploads\/2025\/05\/CategorieCibleRongeur.png\" alt=\"\" srcset=\"https:\/\/preventick.ca\/wp-content\/uploads\/2025\/05\/CategorieCibleRongeur.png 144w, https:\/\/preventick.ca\/wp-content\/uploads\/2025\/05\/CategorieCibleRongeur-100x100.png 100w\" sizes=\"auto, (max-width: 144px) 100vw, 144px\" \/>\t\t\t\t\t\t\t\t<\/a><\/p>\n<h2>4 options<br \/>\n<\/h2>\n<h2><a href=\"https:\/\/preventick.ca\/product-category\/intervention\/traiter-animaux-compagnie\/\">Traiter les animaux de compagnie<\/a><\/h2>\n<p>\t\t\t\t\t\t\t\t\t\t\t\t\t\t\t\t<a href=\"https:\/\/preventick.ca\/interventions\/?product_cat=traiter-animaux-compagnie&#038;product_tag=animal-de-compagnie\"><br \/>\n\t\t\t\t\t\t\t<img loading=\"lazy\" decoding=\"async\" width=\"147\" height=\"145\" src=\"https:\/\/preventick.ca\/wp-content\/uploads\/2025\/05\/CategorieCibleAnimauxDeCompagnies.png\" alt=\"\" srcset=\"https:\/\/preventick.ca\/wp-content\/uploads\/2025\/05\/CategorieCibleAnimauxDeCompagnies.png 147w, https:\/\/preventick.ca\/wp-content\/uploads\/2025\/05\/CategorieCibleAnimauxDeCompagnies-100x100.png 100w\" sizes=\"auto, (max-width: 147px) 100vw, 147px\" \/>\t\t\t\t\t\t\t\t<\/a><\/p>\n<h2>1 option<br \/>\n<\/h2>\n<p>\t\t\t\t\t\t\t\t\t\t\t\t\t\t\t\t<a href=\"https:\/\/preventick.ca\/interventions\/\"><br \/>\n\t\t\t\t\t\t\t<img loading=\"lazy\" decoding=\"async\" width=\"96\" height=\"96\" src=\"https:\/\/preventick.ca\/wp-content\/uploads\/2025\/06\/LogoExplorerTout.png\" alt=\"\" srcset=\"https:\/\/preventick.ca\/wp-content\/uploads\/2025\/06\/LogoExplorerTout.png 96w, https:\/\/preventick.ca\/wp-content\/uploads\/2025\/06\/LogoExplorerTout-12x12.png 12w\" sizes=\"auto, (max-width: 96px) 100vw, 96px\" \/>\t\t\t\t\t\t\t\t<\/a><\/p>\n<h2><a href=\"https:\/\/preventick.ca\/interventions\/\">Explorer toutes les interventions<\/a><\/h2>\n<p>\t\t\t\t\t\t\t\t\t\t\t\t\t\t\t\t<a href=\"https:\/\/preventick.ca\/interventions-descriptions\/\"><br \/>\n\t\t\t\t\t\t\t<img loading=\"lazy\" decoding=\"async\" width=\"96\" height=\"96\" src=\"https:\/\/preventick.ca\/wp-content\/uploads\/2025\/06\/LogoItemsDescriptions.png\" alt=\"\" srcset=\"https:\/\/preventick.ca\/wp-content\/uploads\/2025\/06\/LogoItemsDescriptions.png 96w, https:\/\/preventick.ca\/wp-content\/uploads\/2025\/06\/LogoItemsDescriptions-12x12.png 12w\" sizes=\"auto, (max-width: 96px) 100vw, 96px\" \/>\t\t\t\t\t\t\t\t<\/a><\/p>\n<h2><a href=\"https:\/\/preventick.ca\/interventions-descriptions\/\">Comprendre les interventions<br \/>\n<\/a><\/h2>\n<p>\t\t\t\t\t\t\t\t\t\t\t\t\t\t\t\t<a href=\"https:\/\/preventick.ca\/boussole\/\"><br \/>\n\t\t\t\t\t\t\t<img loading=\"lazy\" decoding=\"async\" width=\"96\" height=\"96\" src=\"https:\/\/preventick.ca\/wp-content\/uploads\/2025\/06\/LogoBoussole.png\" alt=\"\" srcset=\"https:\/\/preventick.ca\/wp-content\/uploads\/2025\/06\/LogoBoussole.png 96w, https:\/\/preventick.ca\/wp-content\/uploads\/2025\/06\/LogoBoussole-12x12.png 12w\" sizes=\"auto, (max-width: 96px) 100vw, 96px\" \/>\t\t\t\t\t\t\t\t<\/a><\/p>\n<h2><a href=\"https:\/\/preventick.ca\/fr\/boussole\/\">Boussole<br \/>\n<\/a><\/h2>\n<h2>Caract\u00e9ristiques des interventions<\/h2>\n<details id=\"e-n-accordion-item-1420\" >\n<summary data-accordion-index=\"1\" tabindex=\"0\" aria-expanded=\"false\" aria-controls=\"e-n-accordion-item-1420\" >\n\t\t\t<svg aria-hidden=\"true\" viewBox=\"0 0 448 512\" xmlns=\"http:\/\/www.w3.org\/2000\/svg\"><path d=\"M416 208H32c-17.67 0-32 14.33-32 32v32c0 17.67 14.33 32 32 32h384c17.67 0 32-14.33 32-32v-32c0-17.67-14.33-32-32-32z\"><\/path><\/svg><br \/>\n\t\t\t<svg aria-hidden=\"true\" viewBox=\"0 0 448 512\" xmlns=\"http:\/\/www.w3.org\/2000\/svg\"><path d=\"M416 208H272V64c0-17.67-14.33-32-32-32h-32c-17.67 0-32 14.33-32 32v144H32c-17.67 0-32 14.33-32 32v32c0 17.67 14.33 32 32 32h144v144c0 17.67 14.33 32 32 32h32c17.67 0 32-14.33 32-32V304h144c17.67 0 32-14.33 32-32v-32c0-17.67-14.33-32-32-32z\"><\/path><\/svg><br \/>\n\t\t\t\t\t\t<\/summary>\n<p>\t\t\t<svg xmlns=\"http:\/\/www.w3.org\/2000\/svg\" viewBox=\"0 0 1800 5.8\" preserveAspectRatio=\"none\">\n  <path d=\"M5.4.4l5.4 5.3L16.5.4l5.4 5.3L27.5.4 33 5.7 38.6.4l5.5 5.4h.1L49.9.4l5.4 5.3L60.9.4l5.5 5.3L72 .4l5.5 5.3L83.1.4l5.4 5.3L94.1.4l5.5 5.4h.2l5.6-5.4 5.5 5.3 5.6-5.3 5.4 5.3 5.6-5.3 5.5 5.3 5.6-5.3 5.5 5.4h.2l5.6-5.4 5.4 5.3L161 .4l5.4 5.3L172 .4l5.5 5.3 5.6-5.3 5.4 5.3 5.7-5.3 5.4 5.4h.2l5.6-5.4 5.5 5.3 5.6-5.3 5.5 5.3 5.6-5.3 5.4 5.3 5.6-5.3 5.5 5.4h.2l5.6-5.4 5.5 5.3L261 .4l5.4 5.3L272 .4l5.5 5.3 5.6-5.3 5.5 5.3 5.6-5.3 5.5 5.4h.1l5.7-5.4 5.4 5.3 5.6-5.3 5.5 5.3 5.6-5.3 5.4 5.3 5.7-5.3 5.4 5.4h.2l5.6-5.4 5.5 5.3L361 .4l5.5 5.3 5.6-5.3 5.4 5.3 5.6-5.3 5.5 5.3 5.6-5.3 5.5 5.4h.1l5.7-5.4 5.4 5.3 5.6-5.3 5.5 5.3 5.6-5.3 5.5 5.3 5.6-5.3 5.5 5.4h.1l5.6-5.4 5.5 5.3L461 .4l5.5 5.3 5.6-5.3 5.4 5.3 5.7-5.3 5.4 5.3 5.6-5.3 5.5 5.4h.2l5.6-5.4 5.5 5.3 5.6-5.3 5.4 5.3 5.6-5.3 5.5 5.3 5.6-5.3 5.5 5.4h.1L550 .4l5.4 5.3L561 .4l5.5 5.3 5.6-5.3 5.5 5.3 5.6-5.3 5.4 5.3 5.6-5.3 5.5 5.4h.2l5.6-5.4 5.5 5.3 5.6-5.3 5.4 5.3 5.7-5.3 5.4 5.3 5.6-5.3 5.5 5.4h.2L650 .4l5.5 5.3 5.6-5.3 5.4 5.3 5.6-5.3 5.5 5.3 5.6-5.3 5.5 5.3 5.6-5.3 5.4 5.4h.2l5.6-5.4 5.5 5.3 5.6-5.3 5.5 5.3 5.6-5.3 5.4 5.3 5.6-5.3 5.5 5.4h.2L750 .4l5.5 5.3 5.6-5.3 5.4 5.3 5.7-5.3 5.4 5.3 5.6-5.3 5.5 5.3 5.6-5.3 5.5 5.4h.1l5.7-5.4 5.4 5.3 5.6-5.3 5.5 5.3 5.6-5.3 5.5 5.3 5.6-5.3 5.4 5.4h.2L850 .4l5.5 5.3 5.6-5.3 5.5 5.3 5.6-5.3 5.4 5.3 5.6-5.3 5.5 5.3 5.6-5.3 5.5 5.4h.2l5.6-5.4 5.4 5.3 5.7-5.3 5.4 5.3 5.6-5.3 5.5 5.3 5.6-5.3 5.5 5.4h.1l5.7-5.4 5.4 5.3 5.6-5.3 5.5 5.3 5.6-5.3 5.5 5.3 5.6-5.3 5.4 5.3 5.6-5.3 5.5 5.4h.2l5.6-5.4 5.5 5.3 5.6-5.3 5.4 5.3 5.6-5.3 5.5 5.3 5.6-5.3 5.5 5.4h.2l5.6-5.4 5.4 5.3 5.7-5.3 5.4 5.3 5.6-5.3 5.5 5.3 5.6-5.3 5.5 5.3 5.6-5.3 5.4 5.4h.2l5.6-5.4 5.5 5.3 5.6-5.3 5.5 5.3 5.6-5.3 5.4 5.3 5.6-5.3 5.5 5.4h.2l5.6-5.4 5.5 5.3 5.6-5.3 5.4 5.3 5.6-5.3 5.5 5.3 5.6-5.3 5.5 5.3 5.6-5.3 5.5 5.4h.1l5.7-5.4 5.4 5.3 5.6-5.3 5.5 5.3 5.6-5.3 5.5 5.3 5.6-5.3 5.4 5.4h.2l5.6-5.4 5.5 5.3 5.6-5.3 5.5 5.3 5.6-5.3 5.4 5.3 5.6-5.3 5.5 5.3 5.6-5.3 5.5 5.4h.2l5.6-5.4 5.4 5.3 5.6-5.3 5.5 5.3 5.6-5.3 5.5 5.3 5.6-5.3 5.5 5.4h.1l5.7-5.4 5.4 5.3 5.6-5.3 5.5 5.3 5.6-5.3 5.5 5.3 5.6-5.3 5.4 5.3 5.6-5.3 5.5 5.4h.2l5.6-5.4 5.5 5.3 5.6-5.3 5.4 5.3 5.6-5.3 5.5 5.3 5.6-5.3 5.5 5.4h.2l5.6-5.4 5.4 5.3 5.6-5.3 5.5 5.3 5.6-5.3 5.5 5.3 5.6-5.3 5.4 5.3 5.7-5.3 5.4 5.4h.2l5.6-5.4 5.5 5.3 5.6-5.3 5.5 5.3 5.6-5.3 5.4 5.3 5.6-5.3 5.5 5.4h.2l5.6-5.4 5.5 5.3 5.6-5.3 5.4 5.3 5.6-5.3 5.5 5.3 5.6-5.3 5.5 5.3 5.6-5.3 5.5 5.4h.1l5.6-5.4 5.5 5.3 5.6-5.3 5.5 5.3 5.6-5.3 5.4 5.3 5.7-5.3 5.4 5.4h.2l5.6-5.4 5.5 5.3 5.6-5.3 5.5 5.3 5.6-5.3 5.4 5.3 5.6-5.3 5.5 5.3 5.6-5.3 5.5 5.4h.1l5.7-5.4 5.4 5.3 5.6-5.3 5.5 5.3 5.6-5.3 5.5 5.3 5.6-5.3 5.5 5.4h.1l5.6-5.4 5.5 5.3 5.6-5.3 5.5 5.3 5.6-5.3 5.4 5.3 5.7-5.3 5.4 5.3 5.6-5.3 5.5 5.4V0H-.2v5.8z\"\/>\n<\/svg><\/p>\n<h2>Facilit\u00e9 d&rsquo;utilisation<\/h2>\n<h2>Mode d&#8217;emploi \/ Temps, effort requis<\/h2>\n<h2>Co\u00fbt<\/h2>\n<h2>Investissement annuel<\/h2>\n<h2>Performance \/ Efficacit\u00e9<\/h2>\n<h2>Qualit\u00e9 des preuves (efficacit\u00e9)<\/h2>\n<h2>Impact environnemental<\/h2>\n<h2>Qualit\u00e9 des preuves (impact env.)<br \/>\n<\/h2>\n<h2>Risques sant\u00e9-s\u00e9curit\u00e9 potentiels<\/h2>\n<h2>Qualit\u00e9 des preuves (sant\u00e9)<\/h2>\n<\/details>\n<h2>Facilit\u00e9 d&rsquo;utilisation<\/h2>\n<h2>Mode d&#8217;emploi \/ Temps, effort requis<\/h2>\n<h2>Co\u00fbt<\/h2>\n<h2>Investissement annuel<\/h2>\n<h2>Performance \/ Efficacit\u00e9<\/h2>\n<h2>Qualit\u00e9 des preuves (efficacit\u00e9)<\/h2>\n<h2>Impact environnemental<\/h2>\n<h2>Qualit\u00e9 des preuves (impact env.)<br \/>\n<\/h2>\n<h2>Risques sant\u00e9-s\u00e9curit\u00e9 potentiels<\/h2>\n<h2>Qualit\u00e9 des preuves (sant\u00e9)<\/h2>\n<p>\t\t\t\t\t\t\t\t\t\t\t\t\t\t\t<img loading=\"lazy\" decoding=\"async\" width=\"1730\" height=\"374\" src=\"https:\/\/preventick.ca\/wp-content\/uploads\/2025\/06\/284-2840039_cartoon-grass.png\" alt=\"\" srcset=\"https:\/\/preventick.ca\/wp-content\/uploads\/2025\/06\/284-2840039_cartoon-grass.png 1730w, https:\/\/preventick.ca\/wp-content\/uploads\/2025\/06\/284-2840039_cartoon-grass-300x65.png 300w, https:\/\/preventick.ca\/wp-content\/uploads\/2025\/06\/284-2840039_cartoon-grass-1024x221.png 1024w, https:\/\/preventick.ca\/wp-content\/uploads\/2025\/06\/284-2840039_cartoon-grass-768x166.png 768w, https:\/\/preventick.ca\/wp-content\/uploads\/2025\/06\/284-2840039_cartoon-grass-1536x332.png 1536w, https:\/\/preventick.ca\/wp-content\/uploads\/2025\/06\/284-2840039_cartoon-grass-18x4.png 18w, https:\/\/preventick.ca\/wp-content\/uploads\/2025\/06\/284-2840039_cartoon-grass-600x130.png 600w\" sizes=\"auto, (max-width: 1730px) 100vw, 1730px\" \/><\/p>\n","protected":false},"excerpt":{"rendered":"<p>Preventick Limitez votre risque d\u2019exposition aux maladies transmises par les tiques par des actions int\u00e9gr\u00e9es Modifier les comportements 6 options Modifier l\u2019environnement p\u00e9ridomestique 7 options Limiter la survie des tiques 3 options Limiter la pr\u00e9sence d\u2019animaux de la faune 4 options Traiter les animaux de compagnie 1 option Explorer toutes les interventions Comprendre les interventions [&hellip;]<\/p>\n","protected":false},"author":4,"featured_media":0,"parent":0,"menu_order":0,"comment_status":"closed","ping_status":"closed","template":"","meta":{"_acf_changed":false,"footnotes":""},"class_list":["post-4980","page","type-page","status-publish","hentry"],"acf":[],"mb":[],"yoast_head":"<!-- This site is optimized with the Yoast SEO plugin v27.5 - https:\/\/yoast.com\/product\/yoast-seo-wordpress\/ -->\n<title>Accueil - Preventick<\/title>\n<meta name=\"robots\" content=\"index, follow, max-snippet:-1, max-image-preview:large, max-video-preview:-1\" \/>\n<link rel=\"canonical\" href=\"https:\/\/preventick.ca\/fr\/\" \/>\n<meta property=\"og:locale\" content=\"fr_CA\" \/>\n<meta property=\"og:type\" content=\"article\" \/>\n<meta property=\"og:title\" content=\"Accueil - Preventick\" \/>\n<meta property=\"og:description\" content=\"Preventick Limitez votre risque d\u2019exposition aux maladies transmises par les tiques par des actions int\u00e9gr\u00e9es Modifier les comportements 6 options Modifier l\u2019environnement p\u00e9ridomestique 7 options Limiter la survie des tiques 3 options Limiter la pr\u00e9sence d\u2019animaux de la faune 4 options Traiter les animaux de compagnie 1 option Explorer toutes les interventions Comprendre les interventions [&hellip;]\" \/>\n<meta property=\"og:url\" content=\"https:\/\/preventick.ca\/fr\/\" \/>\n<meta property=\"og:site_name\" content=\"Preventick\" \/>\n<meta property=\"article:modified_time\" content=\"2025-12-10T18:14:36+00:00\" \/>\n<meta property=\"og:image\" content=\"https:\/\/preventick.ca\/wp-content\/uploads\/2025\/05\/CategorieCibleHumain.png\" \/>\n<meta name=\"twitter:card\" content=\"summary_large_image\" \/>\n<meta name=\"twitter:label1\" content=\"Estimation du temps de lecture\" \/>\n\t<meta name=\"twitter:data1\" content=\"3 minutes\" \/>\n<script type=\"application\/ld+json\" class=\"yoast-schema-graph\">{\"@context\":\"https:\\\/\\\/schema.org\",\"@graph\":[{\"@type\":\"WebPage\",\"@id\":\"https:\\\/\\\/preventick.ca\\\/\",\"url\":\"https:\\\/\\\/preventick.ca\\\/\",\"name\":\"Accueil - Preventick\",\"isPartOf\":{\"@id\":\"https:\\\/\\\/preventick.ca\\\/#website\"},\"primaryImageOfPage\":{\"@id\":\"https:\\\/\\\/preventick.ca\\\/#primaryimage\"},\"image\":{\"@id\":\"https:\\\/\\\/preventick.ca\\\/#primaryimage\"},\"thumbnailUrl\":\"https:\\\/\\\/preventick.ca\\\/wp-content\\\/uploads\\\/2025\\\/05\\\/CategorieCibleHumain.png\",\"datePublished\":\"2018-10-16T03:55:35+00:00\",\"dateModified\":\"2025-12-10T18:14:36+00:00\",\"breadcrumb\":{\"@id\":\"https:\\\/\\\/preventick.ca\\\/#breadcrumb\"},\"inLanguage\":\"fr-CA\",\"potentialAction\":[{\"@type\":\"ReadAction\",\"target\":[\"https:\\\/\\\/preventick.ca\\\/\"]}]},{\"@type\":\"ImageObject\",\"inLanguage\":\"fr-CA\",\"@id\":\"https:\\\/\\\/preventick.ca\\\/#primaryimage\",\"url\":\"https:\\\/\\\/preventick.ca\\\/wp-content\\\/uploads\\\/2025\\\/05\\\/CategorieCibleHumain.png\",\"contentUrl\":\"https:\\\/\\\/preventick.ca\\\/wp-content\\\/uploads\\\/2025\\\/05\\\/CategorieCibleHumain.png\"},{\"@type\":\"BreadcrumbList\",\"@id\":\"https:\\\/\\\/preventick.ca\\\/#breadcrumb\",\"itemListElement\":[{\"@type\":\"ListItem\",\"position\":1,\"name\":\"Home\",\"item\":\"https:\\\/\\\/preventick.ca\\\/\"},{\"@type\":\"ListItem\",\"position\":2,\"name\":\"Accueil\"}]},{\"@type\":\"WebSite\",\"@id\":\"https:\\\/\\\/preventick.ca\\\/#website\",\"url\":\"https:\\\/\\\/preventick.ca\\\/\",\"name\":\"Preventick\",\"description\":\"Des solutions contre les tiques!\",\"publisher\":{\"@id\":\"https:\\\/\\\/preventick.ca\\\/#organization\"},\"potentialAction\":[{\"@type\":\"SearchAction\",\"target\":{\"@type\":\"EntryPoint\",\"urlTemplate\":\"https:\\\/\\\/preventick.ca\\\/?s={search_term_string}\"},\"query-input\":{\"@type\":\"PropertyValueSpecification\",\"valueRequired\":true,\"valueName\":\"search_term_string\"}}],\"inLanguage\":\"fr-CA\"},{\"@type\":\"Organization\",\"@id\":\"https:\\\/\\\/preventick.ca\\\/#organization\",\"name\":\"Preventick\",\"url\":\"https:\\\/\\\/preventick.ca\\\/\",\"logo\":{\"@type\":\"ImageObject\",\"inLanguage\":\"fr-CA\",\"@id\":\"https:\\\/\\\/preventick.ca\\\/#\\\/schema\\\/logo\\\/image\\\/\",\"url\":\"https:\\\/\\\/preventick.ca\\\/wp-content\\\/uploads\\\/2025\\\/04\\\/cropped-LogoTitle.png\",\"contentUrl\":\"https:\\\/\\\/preventick.ca\\\/wp-content\\\/uploads\\\/2025\\\/04\\\/cropped-LogoTitle.png\",\"width\":550,\"height\":163,\"caption\":\"Preventick\"},\"image\":{\"@id\":\"https:\\\/\\\/preventick.ca\\\/#\\\/schema\\\/logo\\\/image\\\/\"}}]}<\/script>\n<!-- \/ Yoast SEO plugin. -->","yoast_head_json":{"title":"Accueil - Preventick","robots":{"index":"index","follow":"follow","max-snippet":"max-snippet:-1","max-image-preview":"max-image-preview:large","max-video-preview":"max-video-preview:-1"},"canonical":"https:\/\/preventick.ca\/fr\/","og_locale":"fr_CA","og_type":"article","og_title":"Accueil - Preventick","og_description":"Preventick Limitez votre risque d\u2019exposition aux maladies transmises par les tiques par des actions int\u00e9gr\u00e9es Modifier les comportements 6 options Modifier l\u2019environnement p\u00e9ridomestique 7 options Limiter la survie des tiques 3 options Limiter la pr\u00e9sence d\u2019animaux de la faune 4 options Traiter les animaux de compagnie 1 option Explorer toutes les interventions Comprendre les interventions [&hellip;]","og_url":"https:\/\/preventick.ca\/fr\/","og_site_name":"Preventick","article_modified_time":"2025-12-10T18:14:36+00:00","og_image":[{"url":"https:\/\/preventick.ca\/wp-content\/uploads\/2025\/05\/CategorieCibleHumain.png","type":"","width":"","height":""}],"twitter_card":"summary_large_image","twitter_misc":{"Estimation du temps de lecture":"3 minutes"},"schema":{"@context":"https:\/\/schema.org","@graph":[{"@type":"WebPage","@id":"https:\/\/preventick.ca\/","url":"https:\/\/preventick.ca\/","name":"Accueil - Preventick","isPartOf":{"@id":"https:\/\/preventick.ca\/#website"},"primaryImageOfPage":{"@id":"https:\/\/preventick.ca\/#primaryimage"},"image":{"@id":"https:\/\/preventick.ca\/#primaryimage"},"thumbnailUrl":"https:\/\/preventick.ca\/wp-content\/uploads\/2025\/05\/CategorieCibleHumain.png","datePublished":"2018-10-16T03:55:35+00:00","dateModified":"2025-12-10T18:14:36+00:00","breadcrumb":{"@id":"https:\/\/preventick.ca\/#breadcrumb"},"inLanguage":"fr-CA","potentialAction":[{"@type":"ReadAction","target":["https:\/\/preventick.ca\/"]}]},{"@type":"ImageObject","inLanguage":"fr-CA","@id":"https:\/\/preventick.ca\/#primaryimage","url":"https:\/\/preventick.ca\/wp-content\/uploads\/2025\/05\/CategorieCibleHumain.png","contentUrl":"https:\/\/preventick.ca\/wp-content\/uploads\/2025\/05\/CategorieCibleHumain.png"},{"@type":"BreadcrumbList","@id":"https:\/\/preventick.ca\/#breadcrumb","itemListElement":[{"@type":"ListItem","position":1,"name":"Home","item":"https:\/\/preventick.ca\/"},{"@type":"ListItem","position":2,"name":"Accueil"}]},{"@type":"WebSite","@id":"https:\/\/preventick.ca\/#website","url":"https:\/\/preventick.ca\/","name":"Preventick","description":"Des solutions contre les tiques!","publisher":{"@id":"https:\/\/preventick.ca\/#organization"},"potentialAction":[{"@type":"SearchAction","target":{"@type":"EntryPoint","urlTemplate":"https:\/\/preventick.ca\/?s={search_term_string}"},"query-input":{"@type":"PropertyValueSpecification","valueRequired":true,"valueName":"search_term_string"}}],"inLanguage":"fr-CA"},{"@type":"Organization","@id":"https:\/\/preventick.ca\/#organization","name":"Preventick","url":"https:\/\/preventick.ca\/","logo":{"@type":"ImageObject","inLanguage":"fr-CA","@id":"https:\/\/preventick.ca\/#\/schema\/logo\/image\/","url":"https:\/\/preventick.ca\/wp-content\/uploads\/2025\/04\/cropped-LogoTitle.png","contentUrl":"https:\/\/preventick.ca\/wp-content\/uploads\/2025\/04\/cropped-LogoTitle.png","width":550,"height":163,"caption":"Preventick"},"image":{"@id":"https:\/\/preventick.ca\/#\/schema\/logo\/image\/"}}]}},"jetpack_sharing_enabled":true,"mfb_rest_fields":["title","yoast_head","yoast_head_json","jetpack_sharing_enabled"],"_links":{"self":[{"href":"http:\/\/preventick.ca\/fr\/wp-json\/wp\/v2\/pages\/4980","targetHints":{"allow":["GET"]}}],"collection":[{"href":"http:\/\/preventick.ca\/fr\/wp-json\/wp\/v2\/pages"}],"about":[{"href":"http:\/\/preventick.ca\/fr\/wp-json\/wp\/v2\/types\/page"}],"author":[{"embeddable":true,"href":"http:\/\/preventick.ca\/fr\/wp-json\/wp\/v2\/users\/4"}],"replies":[{"embeddable":true,"href":"http:\/\/preventick.ca\/fr\/wp-json\/wp\/v2\/comments?post=4980"}],"version-history":[{"count":71,"href":"http:\/\/preventick.ca\/fr\/wp-json\/wp\/v2\/pages\/4980\/revisions"}],"predecessor-version":[{"id":5545,"href":"http:\/\/preventick.ca\/fr\/wp-json\/wp\/v2\/pages\/4980\/revisions\/5545"}],"wp:attachment":[{"href":"http:\/\/preventick.ca\/fr\/wp-json\/wp\/v2\/media?parent=4980"}],"curies":[{"name":"wp","href":"https:\/\/api.w.org\/{rel}","templated":true}]}}